{"id":1675,"date":"2022-04-19T09:14:38","date_gmt":"2022-04-19T09:14:38","guid":{"rendered":"https:\/\/www.andre-kramer.net\/oceanfruit\/?page_id=913"},"modified":"2022-06-14T07:44:46","modified_gmt":"2022-06-14T07:44:46","slug":"recipe-03","status":"publish","type":"page","link":"https:\/\/oceanfruit.de\/en\/recipe-03","title":{"rendered":"Rezept-03"},"content":{"rendered":"<div class=\"wp-block-cover alignfull is-light section-recipes section-recipes-color3 recipes-image-right\" style=\"min-height:90vh;aspect-ratio:unset;\" id=\"rezept2\"><span aria-hidden=\"true\" class=\"wp-block-cover__background has-background-dim-0 has-background-dim\"><\/span><div class=\"wp-block-cover__inner-container is-layout-flow wp-block-cover-is-layout-flow\">\n<div style=\"height:80px\" aria-hidden=\"true\" class=\"wp-block-spacer space-80\"><\/div>\n\n\n<div class=\"wp-block-image section-recipes-image\">\n<figure class=\"alignright size-large\"><img loading=\"lazy\" decoding=\"async\" width=\"1024\" height=\"1024\" src=\"https:\/\/oceanfruit.de\/wp-content\/uploads\/2022\/05\/03_Pizza_freigestellt-1024x1024.webp\" alt=\"\" class=\"wp-image-1971\" srcset=\"https:\/\/oceanfruit.de\/wp-content\/uploads\/2022\/05\/03_Pizza_freigestellt-1024x1024.webp 1024w, https:\/\/oceanfruit.de\/wp-content\/uploads\/2022\/05\/03_Pizza_freigestellt-300x300.webp 300w, https:\/\/oceanfruit.de\/wp-content\/uploads\/2022\/05\/03_Pizza_freigestellt-150x150.webp 150w, https:\/\/oceanfruit.de\/wp-content\/uploads\/2022\/05\/03_Pizza_freigestellt-768x768.webp 768w, https:\/\/oceanfruit.de\/wp-content\/uploads\/2022\/05\/03_Pizza_freigestellt-1536x1536.webp 1536w, https:\/\/oceanfruit.de\/wp-content\/uploads\/2022\/05\/03_Pizza_freigestellt-12x12.webp 12w, https:\/\/oceanfruit.de\/wp-content\/uploads\/2022\/05\/03_Pizza_freigestellt.webp 1600w\" sizes=\"auto, (max-width: 1024px) 100vw, 1024px\" \/><\/figure>\n<\/div>\n\n\n<h2 class=\"wp-block-heading\">Pizza<\/h2>\n\n\n\n<h3 class=\"wp-block-heading\">with Di Mare SEA SALAD<\/h3>\n\n\n\n<p>Got wanderlust? Our new take on the classic pizza brings Italy to you \u2013 with fruity tomatoes, light cream cheese and&nbsp;<strong>Di Mare SEA SALAD<\/strong>.<\/p>\n\n\n\n<div class=\"wp-block-buttons button-meer is-layout-flex wp-block-buttons-is-layout-flex\">\n<div class=\"wp-block-button button-no-gluten\"><a class=\"wp-block-button__link\"> <\/a><\/div>\n\n\n\n<div class=\"wp-block-button button-no-sugar\"><a class=\"wp-block-button__link\"> <\/a><\/div>\n<\/div>\n\n\n\n<div style=\"height:30px\" aria-hidden=\"true\" class=\"wp-block-spacer\"><\/div>\n<\/div><\/div>\n\n\n\n<figure class=\"wp-block-image alignwide size-large recipes-image-detail\"><img loading=\"lazy\" decoding=\"async\" width=\"1024\" height=\"683\" src=\"https:\/\/oceanfruit.de\/wp-content\/uploads\/2022\/04\/MG_6238-1024x683.webp\" alt=\"\" class=\"wp-image-935\" srcset=\"https:\/\/oceanfruit.de\/wp-content\/uploads\/2022\/04\/MG_6238-1024x683.webp 1024w, https:\/\/oceanfruit.de\/wp-content\/uploads\/2022\/04\/MG_6238-300x200.webp 300w, https:\/\/oceanfruit.de\/wp-content\/uploads\/2022\/04\/MG_6238-768x512.webp 768w, https:\/\/oceanfruit.de\/wp-content\/uploads\/2022\/04\/MG_6238-1536x1024.webp 1536w, https:\/\/oceanfruit.de\/wp-content\/uploads\/2022\/04\/MG_6238-18x12.webp 18w, https:\/\/oceanfruit.de\/wp-content\/uploads\/2022\/04\/MG_6238-930x620.webp 930w, https:\/\/oceanfruit.de\/wp-content\/uploads\/2022\/04\/MG_6238.webp 1920w\" sizes=\"auto, (max-width: 1024px) 100vw, 1024px\" \/><\/figure>\n\n\n\n<div id=\"wp-block-themeisle-blocks-advanced-columns-b86ff8a0\" class=\"wp-block-themeisle-blocks-advanced-columns alignwide has-1-columns has-desktop-equal-layout has-tablet-equal-layout has-mobile-equal-layout has-vertical-center\"><div class=\"wp-block-themeisle-blocks-advanced-columns-overlay\"><\/div><div class=\"innerblocks-wrap\">\n<div id=\"wp-block-themeisle-blocks-advanced-column-a424fbc6\" class=\"wp-block-themeisle-blocks-advanced-column\">\n<h2 class=\"has-text-align-center wp-block-heading\">INGREDIENTS<\/h2>\n\n\n\n<figure class=\"wp-block-table is-style-regular recipes-table\"><table><tbody><tr><td class=\"has-text-align-right\" data-align=\"right\">1 jar<\/td><td><strong>Di Mare SEA SALAD<\/strong><\/td><\/tr><tr><td class=\"has-text-align-right\" data-align=\"right\">120 g <\/td><td><strong>plain flour<\/strong><\/td><\/tr><tr><td class=\"has-text-align-right\" data-align=\"right\">10 g  <\/td><td><strong>wheat semolina<\/strong><\/td><\/tr><tr><td class=\"has-text-align-right\" data-align=\"right\">5 g<\/td><td><strong>fast-action dried yeast<\/strong><\/td><\/tr><tr><td class=\"has-text-align-right\" data-align=\"right\">70 ml<\/td><td><strong>water<\/strong><\/td><\/tr><tr><td class=\"has-text-align-right\" data-align=\"right\">2 g<\/td><td><strong>salt<\/strong><\/td><\/tr><tr><td class=\"has-text-align-right\" data-align=\"right\">2 tbsp<\/td><td><strong>vegan cream cheese<\/strong><\/td><\/tr><tr><td class=\"has-text-align-right\" data-align=\"right\">1 handful <\/td><td><strong>vegan grated cheese <\/strong><\/td><\/tr><tr><td class=\"has-text-align-right\" data-align=\"right\">5 <\/td><td><strong>cherry tomatoes, sliced<\/strong><\/td><\/tr><tr><td class=\"has-text-align-right\" data-align=\"right\">1 tbsp<\/td><td><strong>fresh oregano<\/strong><\/td><\/tr><\/tbody><\/table><\/figure>\n\n\n<div class=\"wp-block-image product-width-background\">\n<figure class=\"aligncenter size-large\"><img loading=\"lazy\" decoding=\"async\" width=\"1024\" height=\"1024\" src=\"https:\/\/oceanfruit.de\/wp-content\/uploads\/2022\/05\/231121-Oceanfruit-DiMare-freigestellt-Edit_CMYK-1024x1024.webp\" alt=\"\" class=\"wp-image-1789\" srcset=\"https:\/\/oceanfruit.de\/wp-content\/uploads\/2022\/05\/231121-Oceanfruit-DiMare-freigestellt-Edit_CMYK-1024x1024.webp 1024w, https:\/\/oceanfruit.de\/wp-content\/uploads\/2022\/05\/231121-Oceanfruit-DiMare-freigestellt-Edit_CMYK-300x300.webp 300w, https:\/\/oceanfruit.de\/wp-content\/uploads\/2022\/05\/231121-Oceanfruit-DiMare-freigestellt-Edit_CMYK-150x150.webp 150w, https:\/\/oceanfruit.de\/wp-content\/uploads\/2022\/05\/231121-Oceanfruit-DiMare-freigestellt-Edit_CMYK-768x768.webp 768w, https:\/\/oceanfruit.de\/wp-content\/uploads\/2022\/05\/231121-Oceanfruit-DiMare-freigestellt-Edit_CMYK-12x12.webp 12w, https:\/\/oceanfruit.de\/wp-content\/uploads\/2022\/05\/231121-Oceanfruit-DiMare-freigestellt-Edit_CMYK.webp 1200w\" sizes=\"auto, (max-width: 1024px) 100vw, 1024px\" \/><\/figure>\n<\/div>\n\n\n<div style=\"height:100px\" aria-hidden=\"true\" class=\"wp-block-spacer\"><\/div>\n<\/div>\n<\/div><\/div>\n\n\n\n<h2 class=\"has-text-align-center wp-block-heading\">METHOD<\/h2>\n\n\n\n<h3 class=\"has-text-align-center wp-block-heading\">Prep time 25 mins\/Total time 45 mins<\/h3>\n\n\n\n<div class=\"nv-cv-m wp-block-columns alignwide is-layout-flex wp-container-core-columns-is-layout-9d6595d7 wp-block-columns-is-layout-flex\">\n<div class=\"wp-block-column is-layout-flow wp-block-column-is-layout-flow\">\n<p class=\"recipes-numbers\">1<\/p>\n\n\n\n<p>To make the pizza dough, knead the flour, semolina, yeast, salt, water and olive oil in a large bowl. After a few minutes, let rise in a warm place for at least 30 minutes.<\/p>\n<\/div>\n\n\n\n<div class=\"wp-block-column is-layout-flow wp-block-column-is-layout-flow\">\n<p class=\"recipes-numbers\">2<\/p>\n\n\n\n<p>After 30 minutes, knock the dough back, knead again and let rise for at least another hour. Then, roll the dough out to a circle.<\/p>\n<\/div>\n<\/div>\n\n\n\n<div class=\"nv-cv-m wp-block-columns alignwide is-layout-flex wp-container-core-columns-is-layout-9d6595d7 wp-block-columns-is-layout-flex\">\n<div class=\"wp-block-column is-layout-flow wp-block-column-is-layout-flow\">\n<p class=\"recipes-numbers\">3<\/p>\n\n\n\n<p>Preheat the oven to 250\u00b0C.<\/p>\n<\/div>\n\n\n\n<div class=\"wp-block-column is-layout-flow wp-block-column-is-layout-flow\">\n<p class=\"recipes-numbers\">4<\/p>\n\n\n\n<p>Spread the vegan cream cheese over the pizza base, followed by the grated cheese and cherry tomatoes. Bake for 6 to 8 minutes at 250\u00b0C.<\/p>\n<\/div>\n<\/div>\n\n\n\n<div class=\"nv-cv-d nv-cv-m wp-block-columns alignwide is-layout-flex wp-container-core-columns-is-layout-9d6595d7 wp-block-columns-is-layout-flex\">\n<div class=\"wp-block-column is-layout-flow wp-block-column-is-layout-flow\">\n<p class=\"recipes-numbers\">5<\/p>\n\n\n\n<p>Now, spoon over the <strong>Di Mare Sea Salad<\/strong> and garnish with fresh oregano. Buon appetito!<\/p>\n<\/div>\n\n\n\n<div class=\"wp-block-column is-layout-flow wp-block-column-is-layout-flow\"><\/div>\n<\/div>\n\n\n\n<div id=\"wp-block-themeisle-blocks-advanced-columns-ccd50e66\" class=\"nv-cv-d nv-cv-m wp-block-themeisle-blocks-advanced-columns alignfull has-1-columns has-desktop-equal-layout has-tablet-equal-layout has-mobile-equal-layout has-vertical-unset section-social section-recipes-color-white\"><div class=\"wp-block-themeisle-blocks-advanced-columns-overlay\"><\/div><div class=\"innerblocks-wrap\">\n<div id=\"wp-block-themeisle-blocks-advanced-column-afde7b62\" class=\"wp-block-themeisle-blocks-advanced-column\">\n<div style=\"height:63px\" aria-hidden=\"true\" class=\"wp-block-spacer\"><\/div>\n\n\n\n<div class=\"wp-block-buttons is-content-justification-center is-layout-flex wp-container-core-buttons-is-layout-16018d1d wp-block-buttons-is-layout-flex\">\n<div class=\"wp-block-button button-meer\"><a class=\"wp-block-button__link\" href=\"https:\/\/oceanfruit.de\/wp-content\/uploads\/2022\/06\/OCEANFRUIT_EN_03_Pizza_with_Di_Mare_SEA_SALAD_Recipe.pdf\">Print<\/a><\/div>\n\n\n\n<div class=\"wp-block-button button-meer\"><a class=\"wp-block-button__link\" href=\"https:\/\/oceanfruit.de\/en\/recipe-04\/\">NEXT RECIPE<\/a><\/div>\n<\/div>\n<\/div>\n<\/div><\/div>\n\n\n\n<div style=\"height:100px\" aria-hidden=\"true\" class=\"wp-block-spacer\"><\/div>\n\n\n\n<div style=\"height:100px\" aria-hidden=\"true\" class=\"wp-block-spacer space-to-footer\"><\/div>\n\n\n\n<script>\nwindow.onscroll = function() {menuHide()};\nfunction menuHide() { \n    var scrollY = window.pageYOffset || document.documentElement.scrollTop;\n    var header = document.querySelector('header');\n\n    header.style.transition = 'transform 0.1s';\n    if(scrollY > 300 ){\n    scrollY <= this.lastScroll\n      ? header.style.visibility = 'visible'\n      : header.style.visibility = 'hidden'; \n}\n    this.lastScroll = scrollY ;\n}\n<\/script>","protected":false},"excerpt":{"rendered":"<p>ZUBEREITUNG Arbeitszeit 25 min. \/ Gesamtzeit 45 min. 1 F\u00fcr den Pizzateig Mehl, Weizengrie\u00df, Hefe, Wasser, Salz und Oliven\u00f6l miteinander verkneten und mindestens 30 Minuten an einem warmen Ort ruhen lassen. 2 Erneut durchkneten und nochmal min. 1 Stunde ruhen lassen. Anschlie\u00dfend den Hefeteig rund ausrollen. 3 Den Ofen auf 250 \u00b0C bei Ober-\/Unterhitze vorheizen.&hellip;&nbsp;<a href=\"https:\/\/oceanfruit.de\/en\/recipe-03\" class=\"\" rel=\"bookmark\">Read More &raquo;<span class=\"screen-reader-text\">Rezept-03<\/span><\/a><\/p>","protected":false},"author":1,"featured_media":0,"parent":0,"menu_order":0,"comment_status":"closed","ping_status":"closed","template":"single_recipes.php","meta":{"_uag_custom_page_level_css":"","neve_meta_sidebar":"default","neve_meta_container":"default","neve_meta_enable_content_width":"","neve_meta_content_width":0,"neve_meta_title_alignment":"","neve_meta_author_avatar":"","neve_post_elements_order":"","neve_meta_disable_header":"off","neve_meta_disable_footer":"","neve_meta_disable_title":"on","neve_meta_reading_time":"","_themeisle_gutenberg_block_has_review":false,"footnotes":""},"class_list":["post-1675","page","type-page","status-publish","hentry"],"yoast_head":"<!-- This site is optimized with the Yoast SEO plugin v27.4 - https:\/\/yoast.com\/product\/yoast-seo-wordpress\/ -->\n<title>PIZZA mit Di Mare MEERESSALAT - OCEANFRUIT<\/title>\n<meta name=\"description\" content=\"Den italienischen Traum bringt dir unsere neu-interpretierte Pizza mit fruchtiger Tomate, leichtem Frischk\u00e4se und dem Di Mare MEERESSALAT.\" \/>\n<meta name=\"robots\" content=\"index, follow, max-snippet:-1, max-image-preview:large, max-video-preview:-1\" \/>\n<link rel=\"canonical\" href=\"https:\/\/oceanfruit.de\/en\/recipe-03\/\" \/>\n<meta property=\"og:locale\" content=\"en_US\" \/>\n<meta property=\"og:type\" content=\"article\" \/>\n<meta property=\"og:title\" content=\"PIZZA mit Di Mare MEERESSALAT - OCEANFRUIT\" \/>\n<meta property=\"og:description\" content=\"Den italienischen Traum bringt dir unsere neu-interpretierte Pizza mit fruchtiger Tomate, leichtem Frischk\u00e4se und dem Di Mare MEERESSALAT.\" \/>\n<meta property=\"og:url\" content=\"https:\/\/oceanfruit.de\/en\/recipe-03\/\" \/>\n<meta property=\"og:site_name\" content=\"Oceanfruit\" \/>\n<meta property=\"article:modified_time\" content=\"2022-06-14T07:44:46+00:00\" \/>\n<meta property=\"og:image\" content=\"https:\/\/oceanfruit.de\/wp-content\/uploads\/2022\/05\/03_Pizza_freigestellt-1024x1024.webp\" \/>\n<meta name=\"twitter:card\" content=\"summary_large_image\" \/>\n<meta name=\"twitter:label1\" content=\"Est. reading time\" \/>\n\t<meta name=\"twitter:data1\" content=\"2 minutes\" \/>\n<script type=\"application\/ld+json\" class=\"yoast-schema-graph\">{\"@context\":\"https:\\\/\\\/schema.org\",\"@graph\":[{\"@type\":\"WebPage\",\"@id\":\"https:\\\/\\\/oceanfruit.de\\\/recipe-03\",\"url\":\"https:\\\/\\\/oceanfruit.de\\\/recipe-03\",\"name\":\"PIZZA mit Di Mare MEERESSALAT - OCEANFRUIT\",\"isPartOf\":{\"@id\":\"https:\\\/\\\/oceanfruit.de\\\/#website\"},\"primaryImageOfPage\":{\"@id\":\"https:\\\/\\\/oceanfruit.de\\\/recipe-03#primaryimage\"},\"image\":{\"@id\":\"https:\\\/\\\/oceanfruit.de\\\/recipe-03#primaryimage\"},\"thumbnailUrl\":\"https:\\\/\\\/oceanfruit.de\\\/wp-content\\\/uploads\\\/2022\\\/05\\\/03_Pizza_freigestellt-1024x1024.webp\",\"datePublished\":\"2022-04-19T09:14:38+00:00\",\"dateModified\":\"2022-06-14T07:44:46+00:00\",\"description\":\"Den italienischen Traum bringt dir unsere neu-interpretierte Pizza mit fruchtiger Tomate, leichtem Frischk\u00e4se und dem Di Mare MEERESSALAT.\",\"breadcrumb\":{\"@id\":\"https:\\\/\\\/oceanfruit.de\\\/recipe-03#breadcrumb\"},\"inLanguage\":\"en-US\",\"potentialAction\":[{\"@type\":\"ReadAction\",\"target\":[\"https:\\\/\\\/oceanfruit.de\\\/recipe-03\"]}]},{\"@type\":\"ImageObject\",\"inLanguage\":\"en-US\",\"@id\":\"https:\\\/\\\/oceanfruit.de\\\/recipe-03#primaryimage\",\"url\":\"https:\\\/\\\/oceanfruit.de\\\/wp-content\\\/uploads\\\/2022\\\/05\\\/03_Pizza_freigestellt-1024x1024.webp\",\"contentUrl\":\"https:\\\/\\\/oceanfruit.de\\\/wp-content\\\/uploads\\\/2022\\\/05\\\/03_Pizza_freigestellt-1024x1024.webp\"},{\"@type\":\"BreadcrumbList\",\"@id\":\"https:\\\/\\\/oceanfruit.de\\\/recipe-03#breadcrumb\",\"itemListElement\":[{\"@type\":\"ListItem\",\"position\":1,\"name\":\"Startseite\",\"item\":\"https:\\\/\\\/oceanfruit.de\\\/\"},{\"@type\":\"ListItem\",\"position\":2,\"name\":\"Rezept-03\"}]},{\"@type\":\"WebSite\",\"@id\":\"https:\\\/\\\/oceanfruit.de\\\/#website\",\"url\":\"https:\\\/\\\/oceanfruit.de\\\/\",\"name\":\"Oceanfruit\",\"description\":\"Essen aus dem Meer\",\"publisher\":{\"@id\":\"https:\\\/\\\/oceanfruit.de\\\/#organization\"},\"potentialAction\":[{\"@type\":\"SearchAction\",\"target\":{\"@type\":\"EntryPoint\",\"urlTemplate\":\"https:\\\/\\\/oceanfruit.de\\\/?s={search_term_string}\"},\"query-input\":{\"@type\":\"PropertyValueSpecification\",\"valueRequired\":true,\"valueName\":\"search_term_string\"}}],\"inLanguage\":\"en-US\"},{\"@type\":\"Organization\",\"@id\":\"https:\\\/\\\/oceanfruit.de\\\/#organization\",\"name\":\"Oceanfruit\",\"url\":\"https:\\\/\\\/oceanfruit.de\\\/\",\"logo\":{\"@type\":\"ImageObject\",\"inLanguage\":\"en-US\",\"@id\":\"https:\\\/\\\/oceanfruit.de\\\/#\\\/schema\\\/logo\\\/image\\\/\",\"url\":\"https:\\\/\\\/oceanfruit.de\\\/wp-content\\\/uploads\\\/2022\\\/05\\\/OCEANFRUIT_Symbol_Sued_RGB_black-1.png\",\"contentUrl\":\"https:\\\/\\\/oceanfruit.de\\\/wp-content\\\/uploads\\\/2022\\\/05\\\/OCEANFRUIT_Symbol_Sued_RGB_black-1.png\",\"width\":585,\"height\":585,\"caption\":\"Oceanfruit\"},\"image\":{\"@id\":\"https:\\\/\\\/oceanfruit.de\\\/#\\\/schema\\\/logo\\\/image\\\/\"}}]}<\/script>\n<!-- \/ Yoast SEO plugin. -->","yoast_head_json":{"title":"PIZZA mit Di Mare MEERESSALAT - OCEANFRUIT","description":"Den italienischen Traum bringt dir unsere neu-interpretierte Pizza mit fruchtiger Tomate, leichtem Frischk\u00e4se und dem Di Mare MEERESSALAT.","robots":{"index":"index","follow":"follow","max-snippet":"max-snippet:-1","max-image-preview":"max-image-preview:large","max-video-preview":"max-video-preview:-1"},"canonical":"https:\/\/oceanfruit.de\/en\/recipe-03\/","og_locale":"en_US","og_type":"article","og_title":"PIZZA mit Di Mare MEERESSALAT - OCEANFRUIT","og_description":"Den italienischen Traum bringt dir unsere neu-interpretierte Pizza mit fruchtiger Tomate, leichtem Frischk\u00e4se und dem Di Mare MEERESSALAT.","og_url":"https:\/\/oceanfruit.de\/en\/recipe-03\/","og_site_name":"Oceanfruit","article_modified_time":"2022-06-14T07:44:46+00:00","og_image":[{"url":"https:\/\/oceanfruit.de\/wp-content\/uploads\/2022\/05\/03_Pizza_freigestellt-1024x1024.webp","type":"","width":"","height":""}],"twitter_card":"summary_large_image","twitter_misc":{"Est. reading time":"2 minutes"},"schema":{"@context":"https:\/\/schema.org","@graph":[{"@type":"WebPage","@id":"https:\/\/oceanfruit.de\/recipe-03","url":"https:\/\/oceanfruit.de\/recipe-03","name":"PIZZA mit Di Mare MEERESSALAT - OCEANFRUIT","isPartOf":{"@id":"https:\/\/oceanfruit.de\/#website"},"primaryImageOfPage":{"@id":"https:\/\/oceanfruit.de\/recipe-03#primaryimage"},"image":{"@id":"https:\/\/oceanfruit.de\/recipe-03#primaryimage"},"thumbnailUrl":"https:\/\/oceanfruit.de\/wp-content\/uploads\/2022\/05\/03_Pizza_freigestellt-1024x1024.webp","datePublished":"2022-04-19T09:14:38+00:00","dateModified":"2022-06-14T07:44:46+00:00","description":"Den italienischen Traum bringt dir unsere neu-interpretierte Pizza mit fruchtiger Tomate, leichtem Frischk\u00e4se und dem Di Mare MEERESSALAT.","breadcrumb":{"@id":"https:\/\/oceanfruit.de\/recipe-03#breadcrumb"},"inLanguage":"en-US","potentialAction":[{"@type":"ReadAction","target":["https:\/\/oceanfruit.de\/recipe-03"]}]},{"@type":"ImageObject","inLanguage":"en-US","@id":"https:\/\/oceanfruit.de\/recipe-03#primaryimage","url":"https:\/\/oceanfruit.de\/wp-content\/uploads\/2022\/05\/03_Pizza_freigestellt-1024x1024.webp","contentUrl":"https:\/\/oceanfruit.de\/wp-content\/uploads\/2022\/05\/03_Pizza_freigestellt-1024x1024.webp"},{"@type":"BreadcrumbList","@id":"https:\/\/oceanfruit.de\/recipe-03#breadcrumb","itemListElement":[{"@type":"ListItem","position":1,"name":"Startseite","item":"https:\/\/oceanfruit.de\/"},{"@type":"ListItem","position":2,"name":"Rezept-03"}]},{"@type":"WebSite","@id":"https:\/\/oceanfruit.de\/#website","url":"https:\/\/oceanfruit.de\/","name":"Oceanfruit","description":"Essen aus dem Meer","publisher":{"@id":"https:\/\/oceanfruit.de\/#organization"},"potentialAction":[{"@type":"SearchAction","target":{"@type":"EntryPoint","urlTemplate":"https:\/\/oceanfruit.de\/?s={search_term_string}"},"query-input":{"@type":"PropertyValueSpecification","valueRequired":true,"valueName":"search_term_string"}}],"inLanguage":"en-US"},{"@type":"Organization","@id":"https:\/\/oceanfruit.de\/#organization","name":"Oceanfruit","url":"https:\/\/oceanfruit.de\/","logo":{"@type":"ImageObject","inLanguage":"en-US","@id":"https:\/\/oceanfruit.de\/#\/schema\/logo\/image\/","url":"https:\/\/oceanfruit.de\/wp-content\/uploads\/2022\/05\/OCEANFRUIT_Symbol_Sued_RGB_black-1.png","contentUrl":"https:\/\/oceanfruit.de\/wp-content\/uploads\/2022\/05\/OCEANFRUIT_Symbol_Sued_RGB_black-1.png","width":585,"height":585,"caption":"Oceanfruit"},"image":{"@id":"https:\/\/oceanfruit.de\/#\/schema\/logo\/image\/"}}]}},"uagb_featured_image_src":{"full":false,"thumbnail":false,"medium":false,"medium_large":false,"large":false,"1536x1536":false,"2048x2048":false,"trp-custom-language-flag":false,"neve-blog":false},"uagb_author_info":{"display_name":"cap-nemo","author_link":"https:\/\/oceanfruit.de\/en\/author\/cap-nemo"},"uagb_comment_info":0,"uagb_excerpt":"ZUBEREITUNG Arbeitszeit 25 min. \/ Gesamtzeit 45 min. 1 F\u00fcr den Pizzateig Mehl, Weizengrie\u00df, Hefe, Wasser, Salz und Oliven\u00f6l miteinander verkneten und mindestens 30 Minuten an einem warmen Ort ruhen lassen. 2 Erneut durchkneten und nochmal min. 1 Stunde ruhen lassen. Anschlie\u00dfend den Hefeteig rund ausrollen. 3 Den Ofen auf 250 \u00b0C bei Ober-\/Unterhitze vorheizen.&hellip;&nbsp;Read&hellip;","_links":{"self":[{"href":"https:\/\/oceanfruit.de\/en\/wp-json\/wp\/v2\/pages\/1675","targetHints":{"allow":["GET"]}}],"collection":[{"href":"https:\/\/oceanfruit.de\/en\/wp-json\/wp\/v2\/pages"}],"about":[{"href":"https:\/\/oceanfruit.de\/en\/wp-json\/wp\/v2\/types\/page"}],"author":[{"embeddable":true,"href":"https:\/\/oceanfruit.de\/en\/wp-json\/wp\/v2\/users\/1"}],"replies":[{"embeddable":true,"href":"https:\/\/oceanfruit.de\/en\/wp-json\/wp\/v2\/comments?post=1675"}],"version-history":[{"count":5,"href":"https:\/\/oceanfruit.de\/en\/wp-json\/wp\/v2\/pages\/1675\/revisions"}],"predecessor-version":[{"id":2186,"href":"https:\/\/oceanfruit.de\/en\/wp-json\/wp\/v2\/pages\/1675\/revisions\/2186"}],"wp:attachment":[{"href":"https:\/\/oceanfruit.de\/en\/wp-json\/wp\/v2\/media?parent=1675"}],"curies":[{"name":"wp","href":"https:\/\/api.w.org\/{rel}","templated":true}]}}