{"id":1674,"date":"2022-04-19T09:07:12","date_gmt":"2022-04-19T09:07:12","guid":{"rendered":"https:\/\/www.andre-kramer.net\/oceanfruit\/?page_id=907"},"modified":"2022-06-07T11:31:49","modified_gmt":"2022-06-07T11:31:49","slug":"recipe-02","status":"publish","type":"page","link":"https:\/\/oceanfruit.de\/en\/recipe-02","title":{"rendered":"Rezept-02"},"content":{"rendered":"<div class=\"wp-block-cover alignfull is-light section-recipes section-recipes-color2 recipes-image-right\" style=\"min-height:90vh;aspect-ratio:unset;\" id=\"rezept2\"><span aria-hidden=\"true\" class=\"wp-block-cover__background has-background-dim-0 has-background-dim\"><\/span><div class=\"wp-block-cover__inner-container is-layout-flow wp-block-cover-is-layout-flow\">\n<div style=\"height:80px\" aria-hidden=\"true\" class=\"wp-block-spacer space-80\"><\/div>\n\n\n<div class=\"wp-block-image section-recipes-image\">\n<figure class=\"alignright size-large\"><img loading=\"lazy\" decoding=\"async\" width=\"1024\" height=\"1024\" src=\"https:\/\/oceanfruit.de\/wp-content\/uploads\/2022\/05\/02_suesskartoffelstampf_friegestellt-2-1024x1024.webp\" alt=\"\" class=\"wp-image-1964\" srcset=\"https:\/\/oceanfruit.de\/wp-content\/uploads\/2022\/05\/02_suesskartoffelstampf_friegestellt-2-1024x1024.webp 1024w, https:\/\/oceanfruit.de\/wp-content\/uploads\/2022\/05\/02_suesskartoffelstampf_friegestellt-2-300x300.webp 300w, https:\/\/oceanfruit.de\/wp-content\/uploads\/2022\/05\/02_suesskartoffelstampf_friegestellt-2-150x150.webp 150w, https:\/\/oceanfruit.de\/wp-content\/uploads\/2022\/05\/02_suesskartoffelstampf_friegestellt-2-768x768.webp 768w, https:\/\/oceanfruit.de\/wp-content\/uploads\/2022\/05\/02_suesskartoffelstampf_friegestellt-2-1536x1536.webp 1536w, https:\/\/oceanfruit.de\/wp-content\/uploads\/2022\/05\/02_suesskartoffelstampf_friegestellt-2-12x12.webp 12w, https:\/\/oceanfruit.de\/wp-content\/uploads\/2022\/05\/02_suesskartoffelstampf_friegestellt-2.webp 1600w\" sizes=\"auto, (max-width: 1024px) 100vw, 1024px\" \/><\/figure>\n<\/div>\n\n\n<h2 class=\"wp-block-heading\">Sweet potato mash<\/h2>\n\n\n\n<h3 class=\"wp-block-heading\">with Graved-Style SEA SALAD<\/h3>\n\n\n\n<p>Nothing goes better with our&nbsp;<strong>Graved-Style SEA SALAD<\/strong>&nbsp;than piping-hot sweet potato mash paired with creamy yoghurt!<\/p>\n\n\n\n<div class=\"wp-block-buttons button-meer is-layout-flex wp-block-buttons-is-layout-flex\">\n<div class=\"wp-block-button button-no-gluten\"><a class=\"wp-block-button__link\"> <\/a><\/div>\n\n\n\n<div class=\"wp-block-button button-no-sugar\"><a class=\"wp-block-button__link\"> <\/a><\/div>\n<\/div>\n\n\n\n<div style=\"height:30px\" aria-hidden=\"true\" class=\"wp-block-spacer\"><\/div>\n<\/div><\/div>\n\n\n\n<figure class=\"wp-block-image alignwide size-large recipes-image-detail\"><img loading=\"lazy\" decoding=\"async\" width=\"683\" height=\"1024\" src=\"https:\/\/oceanfruit.de\/wp-content\/uploads\/2022\/04\/MG_6509-scaled-1-683x1024.webp\" alt=\"\" class=\"wp-image-930\" srcset=\"https:\/\/oceanfruit.de\/wp-content\/uploads\/2022\/04\/MG_6509-scaled-1-683x1024.webp 683w, https:\/\/oceanfruit.de\/wp-content\/uploads\/2022\/04\/MG_6509-scaled-1-200x300.webp 200w, https:\/\/oceanfruit.de\/wp-content\/uploads\/2022\/04\/MG_6509-scaled-1-768x1152.webp 768w, https:\/\/oceanfruit.de\/wp-content\/uploads\/2022\/04\/MG_6509-scaled-1-1024x1536.webp 1024w, https:\/\/oceanfruit.de\/wp-content\/uploads\/2022\/04\/MG_6509-scaled-1-1366x2048.webp 1366w, https:\/\/oceanfruit.de\/wp-content\/uploads\/2022\/04\/MG_6509-scaled-1-8x12.webp 8w, https:\/\/oceanfruit.de\/wp-content\/uploads\/2022\/04\/MG_6509-scaled-1.webp 1707w\" sizes=\"auto, (max-width: 683px) 100vw, 683px\" \/><\/figure>\n\n\n\n<div id=\"wp-block-themeisle-blocks-advanced-columns-b86ff8a0\" class=\"wp-block-themeisle-blocks-advanced-columns alignwide has-1-columns has-desktop-equal-layout has-tablet-equal-layout has-mobile-equal-layout has-vertical-center\"><div class=\"wp-block-themeisle-blocks-advanced-columns-overlay\"><\/div><div class=\"innerblocks-wrap\">\n<div id=\"wp-block-themeisle-blocks-advanced-column-a424fbc6\" class=\"wp-block-themeisle-blocks-advanced-column\">\n<h2 class=\"has-text-align-center wp-block-heading\">INGREDIENTS<\/h2>\n\n\n\n<figure class=\"wp-block-table is-style-regular recipes-table\"><table><tbody><tr><td class=\"has-text-align-right\" data-align=\"right\">1 jar<\/td><td><strong>Graved-Style SEA SALAD<\/strong><\/td><\/tr><tr><td class=\"has-text-align-right\" data-align=\"right\">1\/2<\/td><td><strong>cucumber<\/strong><\/td><\/tr><tr><td class=\"has-text-align-right\" data-align=\"right\">3 tbsp<\/td><td><strong>vegan soy yoghurt<\/strong><\/td><\/tr><tr><td class=\"has-text-align-right\" data-align=\"right\">2<\/td><td><strong>sweet potatoes<\/strong><\/td><\/tr><tr><td class=\"has-text-align-right\" data-align=\"right\">7.5 g<\/td><td><strong><strong>fresh dill, finely chopped<\/strong><\/strong><\/td><\/tr><tr><td class=\"has-text-align-right\" data-align=\"right\">7.5 g<\/td><td><strong><strong>fresh chives, finely chopped<\/strong><\/strong><\/td><\/tr><tr><td class=\"has-text-align-right\" data-align=\"right\"><\/td><td>salt<\/td><\/tr><tr><td class=\"has-text-align-right\" data-align=\"right\"><\/td><td>pepper<\/td><\/tr><\/tbody><\/table><\/figure>\n\n\n<div class=\"wp-block-image product-width-background\">\n<figure class=\"aligncenter size-large\"><img loading=\"lazy\" decoding=\"async\" width=\"1024\" height=\"1022\" src=\"https:\/\/oceanfruit.de\/wp-content\/uploads\/2022\/05\/211121-Oceanfruit-GravedStyle-freigestellt-Edit_02_CMYK-1024x1022.webp\" alt=\"\" class=\"wp-image-1787\" srcset=\"https:\/\/oceanfruit.de\/wp-content\/uploads\/2022\/05\/211121-Oceanfruit-GravedStyle-freigestellt-Edit_02_CMYK-1024x1022.webp 1024w, https:\/\/oceanfruit.de\/wp-content\/uploads\/2022\/05\/211121-Oceanfruit-GravedStyle-freigestellt-Edit_02_CMYK-300x300.webp 300w, https:\/\/oceanfruit.de\/wp-content\/uploads\/2022\/05\/211121-Oceanfruit-GravedStyle-freigestellt-Edit_02_CMYK-150x150.webp 150w, https:\/\/oceanfruit.de\/wp-content\/uploads\/2022\/05\/211121-Oceanfruit-GravedStyle-freigestellt-Edit_02_CMYK-768x767.webp 768w, https:\/\/oceanfruit.de\/wp-content\/uploads\/2022\/05\/211121-Oceanfruit-GravedStyle-freigestellt-Edit_02_CMYK-12x12.webp 12w, https:\/\/oceanfruit.de\/wp-content\/uploads\/2022\/05\/211121-Oceanfruit-GravedStyle-freigestellt-Edit_02_CMYK.webp 1200w\" sizes=\"auto, (max-width: 1024px) 100vw, 1024px\" \/><\/figure>\n<\/div>\n\n\n<div style=\"height:100px\" aria-hidden=\"true\" class=\"wp-block-spacer\"><\/div>\n<\/div>\n<\/div><\/div>\n\n\n\n<h2 class=\"has-text-align-center wp-block-heading\">METHOD<\/h2>\n\n\n\n<h3 class=\"has-text-align-center wp-block-heading\">Prep time 25 mins\/Total time 45 mins<\/h3>\n\n\n\n<div class=\"nv-cv-m wp-block-columns alignwide is-layout-flex wp-container-core-columns-is-layout-9d6595d7 wp-block-columns-is-layout-flex\">\n<div class=\"wp-block-column is-layout-flow wp-block-column-is-layout-flow\">\n<p class=\"recipes-numbers\">1<\/p>\n\n\n\n<p>Peel the sweet potato, dice into small cubes and boil in lightly seasoned water until soft for around 12 minutes. Drain off the water, mash with the herbs (leave some aside for garnish) and olive oil. Season to taste.<\/p>\n<\/div>\n\n\n\n<div class=\"wp-block-column is-layout-flow wp-block-column-is-layout-flow\">\n<p class=\"recipes-numbers\">2<\/p>\n\n\n\n<p>Slice the cucumber into fine rounds and mix with the <strong>OCEANFRUIT Graved-Style Sea Salad.<\/strong> Then, season the soy yoghurt with salt and pepper.<\/p>\n<\/div>\n<\/div>\n\n\n\n<div class=\"nv-cv-m wp-block-columns alignwide is-layout-flex wp-container-core-columns-is-layout-9d6595d7 wp-block-columns-is-layout-flex\">\n<div class=\"wp-block-column is-layout-flow wp-block-column-is-layout-flow\">\n<p class=\"recipes-numbers\">3<\/p>\n\n\n\n<p>Spread the sweet potato mash onto a plate, spoon the soy yoghurt on top and finally the seaweed\/cucumber mix. Garnish everything with the rest of the<br>chives and dill, and enjoy!<\/p>\n<\/div>\n\n\n\n<div class=\"wp-block-column is-layout-flow wp-block-column-is-layout-flow\"><\/div>\n<\/div>\n\n\n\n<div class=\"nv-cv-d nv-cv-m wp-block-columns alignwide is-layout-flex wp-container-core-columns-is-layout-9d6595d7 wp-block-columns-is-layout-flex\">\n<div class=\"wp-block-column is-layout-flow wp-block-column-is-layout-flow\"><\/div>\n\n\n\n<div class=\"wp-block-column is-layout-flow wp-block-column-is-layout-flow\"><\/div>\n<\/div>\n\n\n\n<div id=\"wp-block-themeisle-blocks-advanced-columns-ccd50e66\" class=\"nv-cv-d nv-cv-m wp-block-themeisle-blocks-advanced-columns alignfull has-1-columns has-desktop-equal-layout has-tablet-equal-layout has-mobile-equal-layout has-vertical-unset section-social section-recipes-color-white\"><div class=\"wp-block-themeisle-blocks-advanced-columns-overlay\"><\/div><div class=\"innerblocks-wrap\">\n<div id=\"wp-block-themeisle-blocks-advanced-column-afde7b62\" class=\"wp-block-themeisle-blocks-advanced-column\">\n<div class=\"wp-block-buttons is-content-justification-center is-layout-flex wp-container-core-buttons-is-layout-16018d1d wp-block-buttons-is-layout-flex\">\n<div class=\"wp-block-button button-meer\"><a class=\"wp-block-button__link\" href=\"https:\/\/oceanfruit.de\/wp-content\/uploads\/2022\/06\/OCEANFRUIT_EN_02_Sweet_Potato_Mash_with_Graved_Style_SEA_SALAD_Recipe.pdf\" target=\"_blank\" rel=\"noreferrer noopener\">Print<\/a><\/div>\n\n\n\n<div class=\"wp-block-button button-meer\"><a class=\"wp-block-button__link\" href=\"https:\/\/oceanfruit.de\/en\/recipe-03\/\">Next recipe<\/a><\/div>\n<\/div>\n<\/div>\n<\/div><\/div>\n\n\n\n<div style=\"height:132px\" aria-hidden=\"true\" class=\"wp-block-spacer\"><\/div>\n\n\n\n<div style=\"height:63px\" aria-hidden=\"true\" class=\"wp-block-spacer space-to-footer\"><\/div>\n\n\n\n<script>\nwindow.onscroll = function() {menuHide()};\nfunction menuHide() { \n    var scrollY = window.pageYOffset || document.documentElement.scrollTop;\n    var header = document.querySelector('header');\n\n    header.style.transition = 'transform 0.1s';\n    if(scrollY > 300 ){\n    scrollY <= this.lastScroll\n      ? header.style.visibility = 'visible'\n      : header.style.visibility = 'hidden'; \n}\n    this.lastScroll = scrollY ;\n}\n<\/script>","protected":false},"excerpt":{"rendered":"<p>ZUBEREITUNG Arbeitszeit 25 min. \/ Gesamtzeit 45 min. 1 Die S\u00fc\u00dfkartoffeln sch\u00e4len, w\u00fcrfeln und in ein wenig Salzwasser ca. 12 Min weich d\u00fcnsten. Das Wasser abgie\u00dfen, mit Kr\u00e4utern und Oliven\u00f6l zerstampfen und alles nach Belieben w\u00fcrzen. 2 Die Gurke in feine Streifen hobeln und mit dem OCEANFRUIT Graved Style MEERESSALAT mischen. Anschlie\u00dfend den Sojajoghurt mit&hellip;&nbsp;<a href=\"https:\/\/oceanfruit.de\/en\/recipe-02\" class=\"\" rel=\"bookmark\">Read More &raquo;<span class=\"screen-reader-text\">Rezept-02<\/span><\/a><\/p>","protected":false},"author":1,"featured_media":0,"parent":0,"menu_order":0,"comment_status":"closed","ping_status":"closed","template":"single_recipes.php","meta":{"_uag_custom_page_level_css":"","neve_meta_sidebar":"default","neve_meta_container":"default","neve_meta_enable_content_width":"","neve_meta_content_width":0,"neve_meta_title_alignment":"","neve_meta_author_avatar":"","neve_post_elements_order":"","neve_meta_disable_header":"off","neve_meta_disable_footer":"","neve_meta_disable_title":"on","neve_meta_reading_time":"","_themeisle_gutenberg_block_has_review":false,"footnotes":""},"class_list":["post-1674","page","type-page","status-publish","hentry"],"yoast_head":"<!-- This site is optimized with the Yoast SEO plugin v27.4 - https:\/\/yoast.com\/product\/yoast-seo-wordpress\/ -->\n<title>S\u00dcSS-KARTOFFEL KR\u00c4UTER-STAMP mit Graved Style MEERESSALAT<\/title>\n<meta name=\"description\" content=\"Nichts erg\u00e4nzt unseren Graved Style MEERESSALAT besser als ein warmer S\u00fc\u00dfkartoffel-Mash gepaart mit cremigem Joghurt!\" \/>\n<meta name=\"robots\" content=\"index, follow, max-snippet:-1, max-image-preview:large, max-video-preview:-1\" \/>\n<link rel=\"canonical\" href=\"https:\/\/oceanfruit.de\/en\/recipe-02\/\" \/>\n<meta property=\"og:locale\" content=\"en_US\" \/>\n<meta property=\"og:type\" content=\"article\" \/>\n<meta property=\"og:title\" content=\"S\u00dcSS-KARTOFFEL KR\u00c4UTER-STAMP mit Graved Style MEERESSALAT\" \/>\n<meta property=\"og:description\" content=\"Nichts erg\u00e4nzt unseren Graved Style MEERESSALAT besser als ein warmer S\u00fc\u00dfkartoffel-Mash gepaart mit cremigem Joghurt!\" \/>\n<meta property=\"og:url\" content=\"https:\/\/oceanfruit.de\/en\/recipe-02\/\" \/>\n<meta property=\"og:site_name\" content=\"Oceanfruit\" \/>\n<meta property=\"article:modified_time\" content=\"2022-06-07T11:31:49+00:00\" \/>\n<meta property=\"og:image\" content=\"https:\/\/oceanfruit.de\/wp-content\/uploads\/2022\/05\/02_suesskartoffelstampf_friegestellt-2-1024x1024.webp\" \/>\n<meta name=\"twitter:card\" content=\"summary_large_image\" \/>\n<meta name=\"twitter:label1\" content=\"Est. reading time\" \/>\n\t<meta name=\"twitter:data1\" content=\"2 minutes\" \/>\n<script type=\"application\/ld+json\" class=\"yoast-schema-graph\">{\"@context\":\"https:\\\/\\\/schema.org\",\"@graph\":[{\"@type\":\"WebPage\",\"@id\":\"https:\\\/\\\/oceanfruit.de\\\/recipe-02\",\"url\":\"https:\\\/\\\/oceanfruit.de\\\/recipe-02\",\"name\":\"S\u00dcSS-KARTOFFEL KR\u00c4UTER-STAMP mit Graved Style MEERESSALAT\",\"isPartOf\":{\"@id\":\"https:\\\/\\\/oceanfruit.de\\\/#website\"},\"primaryImageOfPage\":{\"@id\":\"https:\\\/\\\/oceanfruit.de\\\/recipe-02#primaryimage\"},\"image\":{\"@id\":\"https:\\\/\\\/oceanfruit.de\\\/recipe-02#primaryimage\"},\"thumbnailUrl\":\"https:\\\/\\\/oceanfruit.de\\\/wp-content\\\/uploads\\\/2022\\\/05\\\/02_suesskartoffelstampf_friegestellt-2-1024x1024.webp\",\"datePublished\":\"2022-04-19T09:07:12+00:00\",\"dateModified\":\"2022-06-07T11:31:49+00:00\",\"description\":\"Nichts erg\u00e4nzt unseren Graved Style MEERESSALAT besser als ein warmer S\u00fc\u00dfkartoffel-Mash gepaart mit cremigem Joghurt!\",\"breadcrumb\":{\"@id\":\"https:\\\/\\\/oceanfruit.de\\\/recipe-02#breadcrumb\"},\"inLanguage\":\"en-US\",\"potentialAction\":[{\"@type\":\"ReadAction\",\"target\":[\"https:\\\/\\\/oceanfruit.de\\\/recipe-02\"]}]},{\"@type\":\"ImageObject\",\"inLanguage\":\"en-US\",\"@id\":\"https:\\\/\\\/oceanfruit.de\\\/recipe-02#primaryimage\",\"url\":\"https:\\\/\\\/oceanfruit.de\\\/wp-content\\\/uploads\\\/2022\\\/05\\\/02_suesskartoffelstampf_friegestellt-2-1024x1024.webp\",\"contentUrl\":\"https:\\\/\\\/oceanfruit.de\\\/wp-content\\\/uploads\\\/2022\\\/05\\\/02_suesskartoffelstampf_friegestellt-2-1024x1024.webp\"},{\"@type\":\"BreadcrumbList\",\"@id\":\"https:\\\/\\\/oceanfruit.de\\\/recipe-02#breadcrumb\",\"itemListElement\":[{\"@type\":\"ListItem\",\"position\":1,\"name\":\"Startseite\",\"item\":\"https:\\\/\\\/oceanfruit.de\\\/\"},{\"@type\":\"ListItem\",\"position\":2,\"name\":\"Rezept-02\"}]},{\"@type\":\"WebSite\",\"@id\":\"https:\\\/\\\/oceanfruit.de\\\/#website\",\"url\":\"https:\\\/\\\/oceanfruit.de\\\/\",\"name\":\"Oceanfruit\",\"description\":\"Essen aus dem Meer\",\"publisher\":{\"@id\":\"https:\\\/\\\/oceanfruit.de\\\/#organization\"},\"potentialAction\":[{\"@type\":\"SearchAction\",\"target\":{\"@type\":\"EntryPoint\",\"urlTemplate\":\"https:\\\/\\\/oceanfruit.de\\\/?s={search_term_string}\"},\"query-input\":{\"@type\":\"PropertyValueSpecification\",\"valueRequired\":true,\"valueName\":\"search_term_string\"}}],\"inLanguage\":\"en-US\"},{\"@type\":\"Organization\",\"@id\":\"https:\\\/\\\/oceanfruit.de\\\/#organization\",\"name\":\"Oceanfruit\",\"url\":\"https:\\\/\\\/oceanfruit.de\\\/\",\"logo\":{\"@type\":\"ImageObject\",\"inLanguage\":\"en-US\",\"@id\":\"https:\\\/\\\/oceanfruit.de\\\/#\\\/schema\\\/logo\\\/image\\\/\",\"url\":\"https:\\\/\\\/oceanfruit.de\\\/wp-content\\\/uploads\\\/2022\\\/05\\\/OCEANFRUIT_Symbol_Sued_RGB_black-1.png\",\"contentUrl\":\"https:\\\/\\\/oceanfruit.de\\\/wp-content\\\/uploads\\\/2022\\\/05\\\/OCEANFRUIT_Symbol_Sued_RGB_black-1.png\",\"width\":585,\"height\":585,\"caption\":\"Oceanfruit\"},\"image\":{\"@id\":\"https:\\\/\\\/oceanfruit.de\\\/#\\\/schema\\\/logo\\\/image\\\/\"}}]}<\/script>\n<!-- \/ Yoast SEO plugin. -->","yoast_head_json":{"title":"S\u00dcSS-KARTOFFEL KR\u00c4UTER-STAMP mit Graved Style MEERESSALAT","description":"Nichts erg\u00e4nzt unseren Graved Style MEERESSALAT besser als ein warmer S\u00fc\u00dfkartoffel-Mash gepaart mit cremigem Joghurt!","robots":{"index":"index","follow":"follow","max-snippet":"max-snippet:-1","max-image-preview":"max-image-preview:large","max-video-preview":"max-video-preview:-1"},"canonical":"https:\/\/oceanfruit.de\/en\/recipe-02\/","og_locale":"en_US","og_type":"article","og_title":"S\u00dcSS-KARTOFFEL KR\u00c4UTER-STAMP mit Graved Style MEERESSALAT","og_description":"Nichts erg\u00e4nzt unseren Graved Style MEERESSALAT besser als ein warmer S\u00fc\u00dfkartoffel-Mash gepaart mit cremigem Joghurt!","og_url":"https:\/\/oceanfruit.de\/en\/recipe-02\/","og_site_name":"Oceanfruit","article_modified_time":"2022-06-07T11:31:49+00:00","og_image":[{"url":"https:\/\/oceanfruit.de\/wp-content\/uploads\/2022\/05\/02_suesskartoffelstampf_friegestellt-2-1024x1024.webp","type":"","width":"","height":""}],"twitter_card":"summary_large_image","twitter_misc":{"Est. reading time":"2 minutes"},"schema":{"@context":"https:\/\/schema.org","@graph":[{"@type":"WebPage","@id":"https:\/\/oceanfruit.de\/recipe-02","url":"https:\/\/oceanfruit.de\/recipe-02","name":"S\u00dcSS-KARTOFFEL KR\u00c4UTER-STAMP mit Graved Style MEERESSALAT","isPartOf":{"@id":"https:\/\/oceanfruit.de\/#website"},"primaryImageOfPage":{"@id":"https:\/\/oceanfruit.de\/recipe-02#primaryimage"},"image":{"@id":"https:\/\/oceanfruit.de\/recipe-02#primaryimage"},"thumbnailUrl":"https:\/\/oceanfruit.de\/wp-content\/uploads\/2022\/05\/02_suesskartoffelstampf_friegestellt-2-1024x1024.webp","datePublished":"2022-04-19T09:07:12+00:00","dateModified":"2022-06-07T11:31:49+00:00","description":"Nichts erg\u00e4nzt unseren Graved Style MEERESSALAT besser als ein warmer S\u00fc\u00dfkartoffel-Mash gepaart mit cremigem Joghurt!","breadcrumb":{"@id":"https:\/\/oceanfruit.de\/recipe-02#breadcrumb"},"inLanguage":"en-US","potentialAction":[{"@type":"ReadAction","target":["https:\/\/oceanfruit.de\/recipe-02"]}]},{"@type":"ImageObject","inLanguage":"en-US","@id":"https:\/\/oceanfruit.de\/recipe-02#primaryimage","url":"https:\/\/oceanfruit.de\/wp-content\/uploads\/2022\/05\/02_suesskartoffelstampf_friegestellt-2-1024x1024.webp","contentUrl":"https:\/\/oceanfruit.de\/wp-content\/uploads\/2022\/05\/02_suesskartoffelstampf_friegestellt-2-1024x1024.webp"},{"@type":"BreadcrumbList","@id":"https:\/\/oceanfruit.de\/recipe-02#breadcrumb","itemListElement":[{"@type":"ListItem","position":1,"name":"Startseite","item":"https:\/\/oceanfruit.de\/"},{"@type":"ListItem","position":2,"name":"Rezept-02"}]},{"@type":"WebSite","@id":"https:\/\/oceanfruit.de\/#website","url":"https:\/\/oceanfruit.de\/","name":"Oceanfruit","description":"Essen aus dem Meer","publisher":{"@id":"https:\/\/oceanfruit.de\/#organization"},"potentialAction":[{"@type":"SearchAction","target":{"@type":"EntryPoint","urlTemplate":"https:\/\/oceanfruit.de\/?s={search_term_string}"},"query-input":{"@type":"PropertyValueSpecification","valueRequired":true,"valueName":"search_term_string"}}],"inLanguage":"en-US"},{"@type":"Organization","@id":"https:\/\/oceanfruit.de\/#organization","name":"Oceanfruit","url":"https:\/\/oceanfruit.de\/","logo":{"@type":"ImageObject","inLanguage":"en-US","@id":"https:\/\/oceanfruit.de\/#\/schema\/logo\/image\/","url":"https:\/\/oceanfruit.de\/wp-content\/uploads\/2022\/05\/OCEANFRUIT_Symbol_Sued_RGB_black-1.png","contentUrl":"https:\/\/oceanfruit.de\/wp-content\/uploads\/2022\/05\/OCEANFRUIT_Symbol_Sued_RGB_black-1.png","width":585,"height":585,"caption":"Oceanfruit"},"image":{"@id":"https:\/\/oceanfruit.de\/#\/schema\/logo\/image\/"}}]}},"uagb_featured_image_src":{"full":false,"thumbnail":false,"medium":false,"medium_large":false,"large":false,"1536x1536":false,"2048x2048":false,"trp-custom-language-flag":false,"neve-blog":false},"uagb_author_info":{"display_name":"cap-nemo","author_link":"https:\/\/oceanfruit.de\/en\/author\/cap-nemo"},"uagb_comment_info":0,"uagb_excerpt":"ZUBEREITUNG Arbeitszeit 25 min. \/ Gesamtzeit 45 min. 1 Die S\u00fc\u00dfkartoffeln sch\u00e4len, w\u00fcrfeln und in ein wenig Salzwasser ca. 12 Min weich d\u00fcnsten. Das Wasser abgie\u00dfen, mit Kr\u00e4utern und Oliven\u00f6l zerstampfen und alles nach Belieben w\u00fcrzen. 2 Die Gurke in feine Streifen hobeln und mit dem OCEANFRUIT Graved Style MEERESSALAT mischen. Anschlie\u00dfend den Sojajoghurt mit&hellip;&nbsp;Read&hellip;","_links":{"self":[{"href":"https:\/\/oceanfruit.de\/en\/wp-json\/wp\/v2\/pages\/1674","targetHints":{"allow":["GET"]}}],"collection":[{"href":"https:\/\/oceanfruit.de\/en\/wp-json\/wp\/v2\/pages"}],"about":[{"href":"https:\/\/oceanfruit.de\/en\/wp-json\/wp\/v2\/types\/page"}],"author":[{"embeddable":true,"href":"https:\/\/oceanfruit.de\/en\/wp-json\/wp\/v2\/users\/1"}],"replies":[{"embeddable":true,"href":"https:\/\/oceanfruit.de\/en\/wp-json\/wp\/v2\/comments?post=1674"}],"version-history":[{"count":8,"href":"https:\/\/oceanfruit.de\/en\/wp-json\/wp\/v2\/pages\/1674\/revisions"}],"predecessor-version":[{"id":2126,"href":"https:\/\/oceanfruit.de\/en\/wp-json\/wp\/v2\/pages\/1674\/revisions\/2126"}],"wp:attachment":[{"href":"https:\/\/oceanfruit.de\/en\/wp-json\/wp\/v2\/media?parent=1674"}],"curies":[{"name":"wp","href":"https:\/\/api.w.org\/{rel}","templated":true}]}}